{"id":2113,"date":"2022-11-15T08:23:33","date_gmt":"2022-11-15T08:23:33","guid":{"rendered":"https:\/\/wellmont.qodeinteractive.com\/?page_id=2113"},"modified":"2024-02-25T20:53:28","modified_gmt":"2024-02-25T20:53:28","slug":"our-services","status":"publish","type":"page","link":"https:\/\/samtaleterapi.concilium.no\/index.php\/our-services\/","title":{"rendered":"V\u00e5re Tjenester"},"content":{"rendered":"\t\t<div data-elementor-type=\"wp-page\" data-elementor-id=\"2113\" class=\"elementor elementor-2113\">\n\t\t\t\t\t\t<section class=\"elementor-section elementor-top-section elementor-element elementor-element-55d61654 elementor-section-full_width elementor-section-height-default elementor-section-height-default\" data-id=\"55d61654\" data-element_type=\"section\" data-settings=\"{&quot;background_background&quot;:&quot;classic&quot;}\">\n\t\t\t\t\t\t<div class=\"elementor-container elementor-column-gap-default\">\n\t\t\t\t\t<div class=\"elementor-column elementor-col-100 elementor-top-column elementor-element elementor-element-38f72f37\" data-id=\"38f72f37\" data-element_type=\"column\">\n\t\t\t<div class=\"elementor-widget-wrap elementor-element-populated\">\n\t\t\t\t\t\t<section class=\"elementor-section elementor-inner-section elementor-element elementor-element-23b34153 elementor-section-full_width qodef-elementor-content-grid elementor-section-height-default elementor-section-height-default\" data-id=\"23b34153\" data-element_type=\"section\">\n\t\t\t\t\t\t<div class=\"elementor-container elementor-column-gap-default\">\n\t\t\t\t\t<div class=\"elementor-column elementor-col-33 elementor-inner-column elementor-element elementor-element-70288878\" data-id=\"70288878\" data-element_type=\"column\">\n\t\t\t<div class=\"elementor-widget-wrap\">\n\t\t\t\t\t\t\t<\/div>\n\t\t<\/div>\n\t\t\t\t<div class=\"elementor-column elementor-col-33 elementor-inner-column elementor-element elementor-element-4f06bace\" data-id=\"4f06bace\" data-element_type=\"column\">\n\t\t\t<div class=\"elementor-widget-wrap\">\n\t\t\t\t\t\t\t<\/div>\n\t\t<\/div>\n\t\t\t\t<div class=\"elementor-column elementor-col-33 elementor-inner-column elementor-element elementor-element-4a02c784\" data-id=\"4a02c784\" data-element_type=\"column\">\n\t\t\t<div class=\"elementor-widget-wrap\">\n\t\t\t\t\t\t\t<\/div>\n\t\t<\/div>\n\t\t\t\t\t<\/div>\n\t\t<\/section>\n\t\t\t\t<section class=\"elementor-section elementor-inner-section elementor-element elementor-element-57ebc1c7 elementor-section-full_width qodef-elementor-content-grid elementor-section-height-default elementor-section-height-default\" data-id=\"57ebc1c7\" data-element_type=\"section\" data-settings=\"{&quot;background_background&quot;:&quot;classic&quot;}\">\n\t\t\t\t\t\t<div class=\"elementor-container elementor-column-gap-default\">\n\t\t\t\t\t<div class=\"elementor-column elementor-col-33 elementor-inner-column elementor-element elementor-element-2d7cb66f\" data-id=\"2d7cb66f\" data-element_type=\"column\">\n\t\t\t<div class=\"elementor-widget-wrap\">\n\t\t\t\t\t\t\t<\/div>\n\t\t<\/div>\n\t\t\t\t<div class=\"elementor-column elementor-col-33 elementor-inner-column elementor-element elementor-element-38cc61e1\" data-id=\"38cc61e1\" data-element_type=\"column\">\n\t\t\t<div class=\"elementor-widget-wrap\">\n\t\t\t\t\t\t\t<\/div>\n\t\t<\/div>\n\t\t\t\t<div class=\"elementor-column elementor-col-33 elementor-inner-column elementor-element elementor-element-1fd4a60d\" data-id=\"1fd4a60d\" data-element_type=\"column\">\n\t\t\t<div class=\"elementor-widget-wrap\">\n\t\t\t\t\t\t\t<\/div>\n\t\t<\/div>\n\t\t\t\t\t<\/div>\n\t\t<\/section>\n\t\t\t\t\t<\/div>\n\t\t<\/div>\n\t\t\t\t\t<\/div>\n\t\t<\/section>\n\t\t\t\t<\/div>\n\t\t","protected":false},"excerpt":{"rendered":"<p>tjrenester Hvordan kan vi hjelpe deg? Samtaleterapi Samtaleterapi kan v\u00e6re til god hjelp ved b\u00e5de sm\u00e5 og store utfordringer i livet. les mer Coaching og veiledning Coaching fokuserer p\u00e5 m\u00e5lorientert dialog, mens veiledning inneb\u00e6rer st\u00f8tte og r\u00e5d. les mer Familieveiledning Familieveiledning er en form for st\u00f8tte som tar sikte p\u00e5 \u00e5 hjelpe familier. les mer [&hellip;]<\/p>\n","protected":false},"author":1,"featured_media":0,"parent":0,"menu_order":0,"comment_status":"closed","ping_status":"closed","template":"page-full-width.php","meta":{"footnotes":""},"class_list":["post-2113","page","type-page","status-publish","hentry"],"_links":{"self":[{"href":"https:\/\/samtaleterapi.concilium.no\/index.php\/wp-json\/wp\/v2\/pages\/2113","targetHints":{"allow":["GET"]}}],"collection":[{"href":"https:\/\/samtaleterapi.concilium.no\/index.php\/wp-json\/wp\/v2\/pages"}],"about":[{"href":"https:\/\/samtaleterapi.concilium.no\/index.php\/wp-json\/wp\/v2\/types\/page"}],"author":[{"embeddable":true,"href":"https:\/\/samtaleterapi.concilium.no\/index.php\/wp-json\/wp\/v2\/users\/1"}],"replies":[{"embeddable":true,"href":"https:\/\/samtaleterapi.concilium.no\/index.php\/wp-json\/wp\/v2\/comments?post=2113"}],"version-history":[{"count":49,"href":"https:\/\/samtaleterapi.concilium.no\/index.php\/wp-json\/wp\/v2\/pages\/2113\/revisions"}],"predecessor-version":[{"id":6015,"href":"https:\/\/samtaleterapi.concilium.no\/index.php\/wp-json\/wp\/v2\/pages\/2113\/revisions\/6015"}],"wp:attachment":[{"href":"https:\/\/samtaleterapi.concilium.no\/index.php\/wp-json\/wp\/v2\/media?parent=2113"}],"curies":[{"name":"wp","href":"https:\/\/api.w.org\/{rel}","templated":true}]}}